{"id":535,"date":"2022-11-02T08:20:12","date_gmt":"2022-11-02T07:20:12","guid":{"rendered":"https:\/\/www.svwasserfreunde.de\/?page_id=535"},"modified":"2025-09-11T11:42:36","modified_gmt":"2025-09-11T10:42:36","slug":"kinder-und-jugendschutz","status":"publish","type":"page","link":"https:\/\/www.svwasserfreunde.de\/?page_id=535","title":{"rendered":"Kinder- und Jugendschutz"},"content":{"rendered":"\n<p>Sport geh\u00f6rt zu den beliebtesten Freizeitaktivit\u00e4ten von Kindern- und Jugendlichen. Wir sind uns unserer Verantwortung der uns anvertrauten Kinder- und Jugendlichen bewusst und haben uns daher aktiv mit der Thematik auseinander gesetzt. Hier wurde von uns ein <a href=\"http:\/\/www.svwasserfreunde.de\/wp-content\/uploads\/2023\/12\/23-12-13_KonzeptPraeventionSex.Gewalt_F02.pdf\" data-type=\"link\" data-id=\"http:\/\/www.svwasserfreunde.de\/wp-content\/uploads\/2023\/12\/23-12-13_KonzeptPraeventionSex.Gewalt_F02.pdf\" target=\"_blank\" rel=\"noreferrer noopener\">Konzept zu Pr\u00e4vention sexualisierter Gewalt im Sport<\/a> erarbeitet. In Zusammenarbeit mit Eltern, Sportlern, Trainern und dem Vorstand wurde ein Verhaltenskodex entwickelt, welcher f\u00fcr Trainer, \u00dcbungsleiter, Kinder- und Jugendliche und Eltern gleicherma\u00dfen gilt: <\/p>\n\n\n\n<figure class=\"wp-block-image size-large\"><img loading=\"lazy\" decoding=\"async\" width=\"1024\" height=\"576\" src=\"https:\/\/www.svwasserfreunde.de\/wp-content\/uploads\/2022\/11\/2022_Verhaltenskodex_SVWF-1024x576.jpg\" alt=\"\" class=\"wp-image-540\" srcset=\"https:\/\/www.svwasserfreunde.de\/wp-content\/uploads\/2022\/11\/2022_Verhaltenskodex_SVWF-1024x576.jpg 1024w, https:\/\/www.svwasserfreunde.de\/wp-content\/uploads\/2022\/11\/2022_Verhaltenskodex_SVWF-300x169.jpg 300w, https:\/\/www.svwasserfreunde.de\/wp-content\/uploads\/2022\/11\/2022_Verhaltenskodex_SVWF-768x432.jpg 768w, https:\/\/www.svwasserfreunde.de\/wp-content\/uploads\/2022\/11\/2022_Verhaltenskodex_SVWF.jpg 1280w\" sizes=\"auto, (max-width: 1024px) 100vw, 1024px\" \/><\/figure>\n\n\n\n<p>Die Einforderung eines erweiterten polizeilichen F\u00fchrungszeugnisses und die Einhaltung des <a href=\"http:\/\/www.svwasserfreunde.de\/wp-content\/uploads\/2022\/11\/Ehrenkodex-und-Ehren-und-Verpflichtungserklaerung.pdf\" data-type=\"URL\" data-id=\"http:\/\/www.svwasserfreunde.de\/wp-content\/uploads\/2022\/11\/Ehrenkodex-und-Ehren-und-Verpflichtungserklaerung.pdf\" target=\"_blank\" rel=\"noreferrer noopener\">Ehrenkodex<\/a> von unseren \u00dcbungsleitern ist dabei selbstverst\u00e4ndlich. Das Thema Kinderschutz wurde in der <a href=\"http:\/\/www.svwasserfreunde.de\/wp-content\/uploads\/2024\/01\/2023_Satzung.pdf\">Vereinssatzung<\/a> und in der <a href=\"http:\/\/www.svwasserfreunde.de\/wp-content\/uploads\/2023\/12\/230208_Jugendordnung_F01.pdf\">Jugendordnung<\/a> verankert.<\/p>\n\n\n\n<p>Kinderschutzverantwortlicher im Verein:                                                                                                     J\u00f6rg Kleinsteiber Tel.: 01577 0885265 \/ E-Mail: joerg@svwasserfreunde.de<\/p>\n\n\n\n<p>Kinderschutz Netzwerkkoordination Landratsamt Schmalkalden-Meiningen:                                        Sandra Paula Tel.: 03693-485 8636 \/ E-Mail: s.paula@lra-sm.de<\/p>\n\n\n\n<p><\/p>\n","protected":false},"excerpt":{"rendered":"<p>Sport geh\u00f6rt zu den beliebtesten Freizeitaktivit\u00e4ten von Kindern- und Jugendlichen. Wir sind uns unserer Verantwortung der uns anvertrauten Kinder- und Jugendlichen bewusst und haben uns daher aktiv mit der Thematik auseinander gesetzt. Hier wurde von uns ein Konzept zu Pr\u00e4vention &hellip; <\/p>\n","protected":false},"author":4,"featured_media":0,"parent":0,"menu_order":76,"comment_status":"closed","ping_status":"closed","template":"","meta":{"footnotes":""},"class_list":["post-535","page","type-page","status-publish","hentry"],"_links":{"self":[{"href":"https:\/\/www.svwasserfreunde.de\/index.php?rest_route=\/wp\/v2\/pages\/535","targetHints":{"allow":["GET"]}}],"collection":[{"href":"https:\/\/www.svwasserfreunde.de\/index.php?rest_route=\/wp\/v2\/pages"}],"about":[{"href":"https:\/\/www.svwasserfreunde.de\/index.php?rest_route=\/wp\/v2\/types\/page"}],"author":[{"embeddable":true,"href":"https:\/\/www.svwasserfreunde.de\/index.php?rest_route=\/wp\/v2\/users\/4"}],"replies":[{"embeddable":true,"href":"https:\/\/www.svwasserfreunde.de\/index.php?rest_route=%2Fwp%2Fv2%2Fcomments&post=535"}],"version-history":[{"count":11,"href":"https:\/\/www.svwasserfreunde.de\/index.php?rest_route=\/wp\/v2\/pages\/535\/revisions"}],"predecessor-version":[{"id":1619,"href":"https:\/\/www.svwasserfreunde.de\/index.php?rest_route=\/wp\/v2\/pages\/535\/revisions\/1619"}],"wp:attachment":[{"href":"https:\/\/www.svwasserfreunde.de\/index.php?rest_route=%2Fwp%2Fv2%2Fmedia&parent=535"}],"curies":[{"name":"wp","href":"https:\/\/api.w.org\/{rel}","templated":true}]}}