{"id":72,"date":"2020-11-01T11:45:28","date_gmt":"2020-11-01T11:45:28","guid":{"rendered":"http:\/\/2020.svwasserfreunde.de\/?page_id=72"},"modified":"2020-11-01T11:46:54","modified_gmt":"2020-11-01T11:46:54","slug":"impressum","status":"publish","type":"page","link":"https:\/\/www.svwasserfreunde.de\/?page_id=72","title":{"rendered":"Impressum"},"content":{"rendered":"\n<p><strong>Meininger Schwimmverein Wasserfreunde e.V.<br><br><\/strong>Sitz: Vereinszentrum Rohrer Stirn 2, 98617 Meiningen (oberhalb des Freizeitzentrums Rohrer Stirn)<br>Telefon: +49 (0) 3693 &#8211; 470253<br>Fax: +49 (0) 3693 &#8211; 509723<br>E-Mail: info@svwasserfreunde.de<br>WEB: www.svwasserfreunde.de<\/p>\n\n\n\n<p><strong>Haftungsausschluss<\/strong><br>Mit dem Betrachten dieser Internetseite erkl\u00e4ren Sie sich mit dem Inhalt des nachfolgend formulierten Haftungsausschlusses einverstanden!<\/p>\n\n\n\n<p><strong>Inhalt der Internetseite<\/strong><br>Der Meininger Schwimmverein Wasserfreunde e.V. bzw. die Verfasser einzelner Teile dieser Internetseite (nachfolgend: Autoren) \u00fcbernehmen keine Gew\u00e4hr f\u00fcr die Aktualit\u00e4t, Korrektheit, Vollst\u00e4ndigkeit oder Qualit\u00e4t der bereit gestellten Informationen. Soweit auf dieser Internetseite Ver\u00f6ffentlichungen erfolgen, die nach der Satzung oder den Ordnungen des Meininger Schwimmverein Wasserfreunde e.V. einer Ver\u00f6ffentlichung im amtlichen Organ bed\u00fcrfen, gilt ausschlie\u00dflich der im amtlichen Organ (z. Z. swim&amp;more) ver\u00f6ffentlichte Text. Haftungsanspr\u00fcche gegen den Meininger Schwimmverein Wasserfreunde e.V. oder die Autoren wegen Sch\u00e4den materieller oder ideeller Art, die durch die Nutzung oder Nichtnutzung der dargebotenen Informationen bzw. durch die Nutzung fehlerhafter und\/oder unvollst\u00e4ndiger Informationen verursacht werden, sind grunds\u00e4tzlich ausgeschlossen es sei denn, dem Meininger Schwimmverein Wasserfreunde e.V. oder den Autoren f\u00e4llt nachweislich vors\u00e4tzliches oder grob fahrl\u00e4ssiges Verhalten zur Last.<\/p>\n\n\n\n<p>Alle eventuell auf dieser Internetseite unterbreiteten Angebote sind freibleibend und unverbindlich. Der Meininger Schwimmverein Wasserfreunde e.V. und die Autoren behalten sich ausdr\u00fccklich vor, diese Internetseite ganz oder teilweise ohne besondere Ank\u00fcndigung zu ver\u00e4ndern, zu erg\u00e4nzen, zu l\u00f6schen oder die Ver\u00f6ffentlichung zeitweise oder auf Dauer einzustellen.<\/p>\n\n\n\n<p><strong>Verweise und Links<\/strong><br>Nach der Rechtsprechung tritt bei direkten oder indirekten Verweisen auf fremden Internetseiten (Links) die au\u00dferhalb des Verantwortungsbereichs des Meininger Schwimmverein Wasserfreunde e.V. oder der Autoren liegen, eine Haftung ausschlie\u00dflich ein, wenn der Meininger Schwimmverein Wasserfreunde e.V. oder die Autoren von den Inhalten Kenntnis haben und es ihnen technisch m\u00f6glich und zumutbar (gewesen) w\u00e4re, die Nutzung im Falle rechtswidriger Inhalte zu verhindern. Der Meininger Schwimmverein Wasserfreunde e.V. und die Autoren erkl\u00e4ren ausdr\u00fccklich, dass zum Zeitpunkt der Linksetzung die entsprechenden verlinkten Seiten frei von illegalen Inhalten waren. Der Meininger Schwimmverein Wasserfreunde e.V. und die Autoren haben keinerlei Einfluss auf die aktuelle oder eine zuk\u00fcnftige Gestaltung und auf die Inhalte von verlinkten\/verkn\u00fcpften Seiten. Sie distanzieren sich deshalb ausdr\u00fccklich von allen Inhalten aller verlinkten\/verkn\u00fcpften Seiten, die nach der Linksetzung ver\u00e4ndert wurden. Diese Feststellung gilt f\u00fcr alle innerhalb des eigenen Internetangebotes gesetzten Links und Verweise sowie f\u00fcr Fremdeintr\u00e4ge insbesondere in eingerichteten G\u00e4steb\u00fcchern, Diskussionsforen und Mailinglisten. F\u00fcr illegale, fehlerhafte oder unvollst\u00e4ndige Inhalte und insbesondere f\u00fcr Sch\u00e4den, die aus der Nutzung oder Nichtnutzung von dergestalt dargebotenen Informationen entstehen, haftet allein der Anbieter der Seite, auf die verwiesen wurde, und nicht derjenige, der \u00fcber Links auf die jeweilige Ver\u00f6ffentlichung lediglich verweist.<\/p>\n\n\n\n<p><strong>Urheber- und Kennzeichenrecht<\/strong><br>Der Meininger Schwimmverein Wasserfreunde e.V. und die Autoren sind bem\u00fcht, in allen Ver\u00f6ffentlichungen die Urheberrechte Dritter an verwendeten Grafiken, Dokumenten, Tondokumenten etc. zu beachten und insbesondere m\u00f6glichst nur selbst erstellte Grafiken, Dokumente, Tondokumente etc. zu nutzen oder auf lizenzfreie Grafiken, Dokumente, Tondokumente etc. zur\u00fcckzugreifen. Alle innerhalb dieses Internetangebotes genannten\/verwendeten und ggf. durch Dritte gesch\u00fctzten Marken- und Warenzeichen unterliegen ohne Einschr\u00e4nkung den Bestimmungen des jeweils g\u00fcltigen Kennzeichenrechts und den Besitz- und Verwertungsrechten der jeweiligen eingetragenen Eigent\u00fcmer. Die blo\u00dfe Nennung dieser Marken- und Warenzeichen rechtfertigt nicht den Schluss, dass diese nicht durch Rechte Dritter gesch\u00fctzt sind. Das Copyright f\u00fcr ver\u00f6ffentlichte, vom Meininger Schwimmverein Wasserfreunde e.V. oder anderen Autoren selbst erstellte Objekte bleibt allein beim Meininger Schwimmverein Wasserfreunde e.V. bzw. den Autoren der Seiten. Eine Vervielf\u00e4ltigung oder Verwendung solcher Grafiken, Dokumente, Tondokumente etc. in anderen elektronischen oder gedruckten Ver\u00f6ffentlichungen ist nur mit ausdr\u00fccklicher schriftlicher Zustimmung des Meininger Schwimmverein Wasserfreunde e.V. bzw. der Autoren erlaubt.<\/p>\n\n\n\n<p><strong>Rechtswirksamkeit des Haftungsausschluss<\/strong><br>Dieser Haftungsausschluss ist als Teil des Internetangebotes zu betrachten, von wem aus auf diese Seite verwiesen wurde. Sofern Teile oder einzelne Formulierungen dieses Textes der geltenden Rechtslage nicht, nicht mehr oder nicht vollst\u00e4ndig entsprechen, bleiben die \u00fcbrigen Regelungen hiervon unber\u00fchrt.<\/p>\n","protected":false},"excerpt":{"rendered":"<p>Meininger Schwimmverein Wasserfreunde e.V. Sitz: Vereinszentrum Rohrer Stirn 2, 98617 Meiningen (oberhalb des Freizeitzentrums Rohrer Stirn)Telefon: +49 (0) 3693 &#8211; 470253Fax: +49 (0) 3693 &#8211; 509723E-Mail: info@svwasserfreunde.deWEB: www.svwasserfreunde.de HaftungsausschlussMit dem Betrachten dieser Internetseite erkl\u00e4ren Sie sich mit dem Inhalt des &hellip; <\/p>\n","protected":false},"author":3,"featured_media":0,"parent":0,"menu_order":88,"comment_status":"closed","ping_status":"closed","template":"","meta":{"footnotes":""},"class_list":["post-72","page","type-page","status-publish","hentry"],"_links":{"self":[{"href":"https:\/\/www.svwasserfreunde.de\/index.php?rest_route=\/wp\/v2\/pages\/72","targetHints":{"allow":["GET"]}}],"collection":[{"href":"https:\/\/www.svwasserfreunde.de\/index.php?rest_route=\/wp\/v2\/pages"}],"about":[{"href":"https:\/\/www.svwasserfreunde.de\/index.php?rest_route=\/wp\/v2\/types\/page"}],"author":[{"embeddable":true,"href":"https:\/\/www.svwasserfreunde.de\/index.php?rest_route=\/wp\/v2\/users\/3"}],"replies":[{"embeddable":true,"href":"https:\/\/www.svwasserfreunde.de\/index.php?rest_route=%2Fwp%2Fv2%2Fcomments&post=72"}],"version-history":[{"count":1,"href":"https:\/\/www.svwasserfreunde.de\/index.php?rest_route=\/wp\/v2\/pages\/72\/revisions"}],"predecessor-version":[{"id":73,"href":"https:\/\/www.svwasserfreunde.de\/index.php?rest_route=\/wp\/v2\/pages\/72\/revisions\/73"}],"wp:attachment":[{"href":"https:\/\/www.svwasserfreunde.de\/index.php?rest_route=%2Fwp%2Fv2%2Fmedia&parent=72"}],"curies":[{"name":"wp","href":"https:\/\/api.w.org\/{rel}","templated":true}]}}