{"id":77,"date":"2020-11-01T12:25:14","date_gmt":"2020-11-01T12:25:14","guid":{"rendered":"http:\/\/2020.svwasserfreunde.de\/?page_id=77"},"modified":"2025-04-23T11:03:23","modified_gmt":"2025-04-23T10:03:23","slug":"schwimmsport","status":"publish","type":"page","link":"https:\/\/www.svwasserfreunde.de\/?page_id=77","title":{"rendered":"Schwimmsport"},"content":{"rendered":"\n<p>Der Fokus unserer Vereinst\u00e4tigkeit wurde von Beginn an auf den Schwimmsport gelegt. Beginnend mit <a href=\"https:\/\/www.svwasserfreunde.de\/?page_id=398\" target=\"_blank\" rel=\"noreferrer noopener\">Schwimmkursen<\/a> von Kindern (und bei Bedarf auch Erwachsenen) \u00fcber die Grundausbildung bis hin zum Jugendsport, dem Leistungssport, dem Seniorenschwimmen und den <a href=\"https:\/\/www.svwasserfreunde.de\/?page_id=79\" target=\"_blank\" rel=\"noreferrer noopener\">Gesundheitssportgruppen<\/a> verbringen wir die meiste Zeit im und am Wasser. Denn das ist unser Element, unser Leben \u2026 und k\u00f6nnte auch Ihres werden \u2026<\/p>\n\n\n\n<p class=\"has-large-font-size\"><strong>Unsere Trainingszeiten<\/strong> (Stand 09-2023)<\/p>\n\n\n\n<p>W\u00e4hrend der Th\u00fcringer Schulferien und an Feiertagen findet kein Training statt<\/p>\n\n\n\n<p><\/p>\n\n\n\n<p><\/p>\n\n\n\n<figure class=\"wp-block-table is-style-stripes\"><table><tbody><tr><td><strong>Tag<\/strong><\/td><td><strong>von&nbsp;<\/strong><\/td><td><strong>bis<\/strong><\/td><td><strong>Bahn 5<\/strong><\/td><td><strong>Bahn 4<\/strong><\/td><\/tr><tr><td>Montag<\/td><td>14:15<\/td><td>15:45<\/td><td>Hai Z\u00e4hne 3<\/td><td><\/td><\/tr><tr><td>Montag<\/td><td>15:45<\/td><td>17:15<\/td><td><\/td><td>3.-4. Klasse Hai-Z\u00e4hne 2<\/td><\/tr><tr><td>Montag&nbsp;<\/td><td>16:00<\/td><td>17:00<\/td><td>Vorschule bis 2. Klasse<\/td><td><\/td><\/tr><tr><td>Montag&nbsp;<\/td><td>17:00<\/td><td>18:00<\/td><td>5. &#8211; 6. Klasse Hai-Flossen<\/td><td>2. Klasse Hai-Z\u00e4hne 4<\/td><\/tr><tr><td>Montag&nbsp;<\/td><td>18:00<\/td><td>19:00<\/td><td>7. &#8211; 10. Klasse Hai-Flossen<\/td><td>5.-8. Klasse Hai-Z\u00e4hne 1<\/td><\/tr><tr><td>Montag&nbsp;<\/td><td>19:00<\/td><td>20:00<\/td><td>Haiz\u00e4hne<\/td><td>Erwachsene<\/td><\/tr><tr><td>Dienstag<\/td><td>15:00\u00a0<\/td><td>16:30\u00a0<\/td><td>Hai Z\u00e4hne 3\u00a0<\/td><td><\/td><\/tr><tr><td>Dienstag<\/td><td>16:00<\/td><td>17:00<\/td><td><\/td><td>1. Klasse Hai-Z\u00e4hne 5<\/td><\/tr><tr><td>Dienstag<\/td><td>16:30<\/td><td>18:00<\/td><td>Hai Z\u00e4hne 2<\/td><td><\/td><\/tr><tr><td>Dienstag<\/td><td>17:00<\/td><td>18:00<\/td><td><\/td><td>7. &#8211; 8. Klasse Hai Flossen 1<\/td><\/tr><tr><td>&nbsp;<\/td><td>&nbsp;<\/td><td>&nbsp;<\/td><td>&nbsp;<\/td><td>&nbsp;<\/td><\/tr><tr><td>Mittwoch<\/td><td>15:45<\/td><td>17:00<\/td><td>Athletiktraining Turnhalle<\/td><td>&nbsp;Ludwig Chronegk GS Meiningen<\/td><\/tr><tr><td>&nbsp;<\/td><td>&nbsp;<\/td><td>&nbsp;<\/td><td>&nbsp;<\/td><td>&nbsp;<\/td><\/tr><tr><td>Donnerstag<\/td><td>16:00<\/td><td>17:00<\/td><td>3. &#8211; 4. Klasse Hai-Flossen 3<\/td><td>5. &#8211; 6. Klasse Hai-Flossen 2<\/td><\/tr><tr><td>Donnerstag<\/td><td>17:00<\/td><td>18:00<\/td><td>7. &#8211; 8. Klasse Rettungshaie<\/td><td>2. Klasse Hai-Z\u00e4hne 4<\/td><\/tr><tr><td>Donnerstag<\/td><td>17:00<\/td><td>18:00<\/td><td>Handicap Haie<\/td><td><\/td><\/tr><tr><td>Donnerstag<\/td><td>18:00<\/td><td>19:00<\/td><td>ab 9. Klasse Hai-Z\u00e4hne<\/td><td>5.-8. Klasse Hai-Z\u00e4hne 1<\/td><\/tr><tr><td>&nbsp;<\/td><td>&nbsp;<\/td><td>&nbsp;<\/td><td>&nbsp;<\/td><td>&nbsp;<\/td><\/tr><tr><td>Freitag<\/td><td>14:00<\/td><td>15:00<\/td><td>3. &#8211; 4. Klasse Hai-Flossen 3<\/td><td><\/td><\/tr><tr><td>Freitag<\/td><td>14:15<\/td><td>15:45<\/td><td><\/td><td>3. Klasse Hai-Z\u00e4hne 3<\/td><\/tr><tr><td>Freitag<\/td><td>15:00<\/td><td>16:00<\/td><td>Vorschule bis 2. Klasse<\/td><td><\/td><\/tr><tr><td>Freitag<\/td><td>15:45<\/td><td>17:15<\/td><td><\/td><td>4. Klasse Hai Z\u00e4hne 2<\/td><\/tr><tr><td>&nbsp;<\/td><td>&nbsp;<\/td><td>&nbsp;<\/td><td>&nbsp;<\/td><td>&nbsp;<\/td><\/tr><tr><td>Sonntag<\/td><td>17:00<\/td><td>18:00<\/td><td>Hai Z\u00e4hne 5<\/td><td>&nbsp;<\/td><\/tr><tr><td>Sonntag&nbsp;<\/td><td>18:00<\/td><td>19:00<\/td><td>3. &#8211; 4. Klasse Hai-Flossen 3<\/td><td>&nbsp;<\/td><\/tr><tr><td>Sonntag<\/td><td>19:00<\/td><td>20:00<\/td><td>Erwachsene<\/td><td>&nbsp;<\/td><\/tr><tr><td>&nbsp;<\/td><td>&nbsp;<\/td><td>&nbsp;<\/td><td><\/td><td>&nbsp;<\/td><\/tr><\/tbody><\/table><figcaption class=\"wp-element-caption\">Die Kinder Hai-Flossen Gruppen lieben den Schwimmsport und messen sich gerne auch mal bei Wettk\u00e4mpfen mit Anderen. <br>Die Schwimmer der Hai-Z\u00e4hne Gruppen haben sich mit ihrem Talent und Trainingsflei\u00df in die Spitzengruppe des Vereins gek\u00e4mpft und sind immer wieder auf der Jagd nach pers\u00f6nlichen Bestzeiten. <\/figcaption><\/figure>\n\n\n\n<p><\/p>\n\n\n\n<blockquote class=\"wp-block-quote is-layout-flow wp-block-quote-is-layout-flow\">\n<p>Alle <strong>Bestzeiten und Wettkampfergebnisse<\/strong> der Meininger Wasserfreunde findet ihr unter diesem Link &gt;&gt;&gt; <\/p>\n<cite><strong><a href=\"https:\/\/wasserfreunde.webclub.app\/\">https:\/\/wasserfreunde.webclub.app\/<\/a><\/strong><\/cite><\/blockquote>\n\n\n\n<div class=\"wp-block-group\"><div class=\"wp-block-group__inner-container is-layout-flow wp-block-group-is-layout-flow\"><\/div><\/div>\n\n\n\n<p>Hier findet Ihr eine <a href=\"http:\/\/www.svwasserfreunde.de\/wp-content\/uploads\/2024\/01\/Icon-fuer-WebClub-auf-dem-Smartphone-erzeugen.pdf\">&gt;&gt;&gt; ANLEITUNG &lt;&lt;&lt;<\/a>, wie ihr auf dem SmartPhone einfach ein eigenes Icon daf\u00fcr erzeugen und auf dem Startbildschirm hinterlegen k\u00f6nnt&#8230;  <\/p>\n\n\n\n<p><\/p>\n","protected":false},"excerpt":{"rendered":"<p>Der Fokus unserer Vereinst\u00e4tigkeit wurde von Beginn an auf den Schwimmsport gelegt. Beginnend mit Schwimmkursen von Kindern (und bei Bedarf auch Erwachsenen) \u00fcber die Grundausbildung bis hin zum Jugendsport, dem Leistungssport, dem Seniorenschwimmen und den Gesundheitssportgruppen verbringen wir die meiste &hellip; <\/p>\n","protected":false},"author":3,"featured_media":125,"parent":0,"menu_order":20,"comment_status":"closed","ping_status":"closed","template":"","meta":{"footnotes":""},"class_list":["post-77","page","type-page","status-publish","has-post-thumbnail","hentry"],"_links":{"self":[{"href":"https:\/\/www.svwasserfreunde.de\/index.php?rest_route=\/wp\/v2\/pages\/77","targetHints":{"allow":["GET"]}}],"collection":[{"href":"https:\/\/www.svwasserfreunde.de\/index.php?rest_route=\/wp\/v2\/pages"}],"about":[{"href":"https:\/\/www.svwasserfreunde.de\/index.php?rest_route=\/wp\/v2\/types\/page"}],"author":[{"embeddable":true,"href":"https:\/\/www.svwasserfreunde.de\/index.php?rest_route=\/wp\/v2\/users\/3"}],"replies":[{"embeddable":true,"href":"https:\/\/www.svwasserfreunde.de\/index.php?rest_route=%2Fwp%2Fv2%2Fcomments&post=77"}],"version-history":[{"count":18,"href":"https:\/\/www.svwasserfreunde.de\/index.php?rest_route=\/wp\/v2\/pages\/77\/revisions"}],"predecessor-version":[{"id":1499,"href":"https:\/\/www.svwasserfreunde.de\/index.php?rest_route=\/wp\/v2\/pages\/77\/revisions\/1499"}],"wp:featuredmedia":[{"embeddable":true,"href":"https:\/\/www.svwasserfreunde.de\/index.php?rest_route=\/wp\/v2\/media\/125"}],"wp:attachment":[{"href":"https:\/\/www.svwasserfreunde.de\/index.php?rest_route=%2Fwp%2Fv2%2Fmedia&parent=77"}],"curies":[{"name":"wp","href":"https:\/\/api.w.org\/{rel}","templated":true}]}}