{"id":79,"date":"2020-11-01T12:26:25","date_gmt":"2020-11-01T12:26:25","guid":{"rendered":"http:\/\/2020.svwasserfreunde.de\/?page_id=79"},"modified":"2025-11-10T10:15:42","modified_gmt":"2025-11-10T09:15:42","slug":"gesundheitssport","status":"publish","type":"page","link":"https:\/\/www.svwasserfreunde.de\/?page_id=79","title":{"rendered":"Gesundheitssport"},"content":{"rendered":"\n<p>Regelm\u00e4\u00dfig bieten wir f\u00fcr Erwachsene Aqua Fitness Kurse an<\/p>\n\n\n\n<figure class=\"wp-block-gallery has-nested-images columns-default is-cropped wp-block-gallery-1 is-layout-flex wp-block-gallery-is-layout-flex\">\n<figure class=\"wp-block-image size-large\"><a href=\"https:\/\/wasserfreunde.webkurs.app\/kategorie.php?id=38\" target=\"_blank\" rel=\"noreferrer noopener\"><img loading=\"lazy\" decoding=\"async\" width=\"1024\" height=\"538\" data-id=\"1282\" src=\"https:\/\/www.svwasserfreunde.de\/wp-content\/uploads\/2024\/10\/FB-Aqua-Kurse-1024x538.jpg\" alt=\"\" class=\"wp-image-1282\" srcset=\"https:\/\/www.svwasserfreunde.de\/wp-content\/uploads\/2024\/10\/FB-Aqua-Kurse-1024x538.jpg 1024w, https:\/\/www.svwasserfreunde.de\/wp-content\/uploads\/2024\/10\/FB-Aqua-Kurse-300x158.jpg 300w, https:\/\/www.svwasserfreunde.de\/wp-content\/uploads\/2024\/10\/FB-Aqua-Kurse-768x403.jpg 768w, https:\/\/www.svwasserfreunde.de\/wp-content\/uploads\/2024\/10\/FB-Aqua-Kurse.jpg 1200w\" sizes=\"auto, (max-width: 1024px) 100vw, 1024px\" \/><\/a><\/figure>\n<\/figure>\n\n\n\n<p><a href=\"https:\/\/wasserfreunde.webkurs.app\/kategorie.php?id=38\" data-type=\"link\" data-id=\"https:\/\/wasserfreunde.webkurs.app\/kategorie.php?id=38\" target=\"_blank\" rel=\"noreferrer noopener\">Aqua Kurse \/ Pr\u00e4ventionskurse k\u00f6nnen Sie hier buchen!<\/a><\/p>\n\n\n\n<p>Einen Stammplatz in unserer Gliederung hat seit 1991 die Abteilung Behinderten- und Rehabilitationssport. Wir sind im Th\u00fcringer Behinderten- und Rehabilitations-Sportverband e.V. eingetragenes Mitglied. Die ca. 70 Mitglieder in unserem Verein, denen es nicht immer gesundheitlich so gut geht, werden sehr liebevoll umsorgt. Dies haben speziell ausgebildete Trainer, \u00dcbungsleiter sowie \u00c4rzte \u00fcbernommen.<\/p>\n\n\n\n<p>Die Mitgliedschaft ist f\u00fcr die Dauer und G\u00fcltigkeit der \u00e4rztlichen Verordnung grunds\u00e4tzlich freiwillig.<\/p>\n\n\n\n<p>Besonderheiten im Herzsport: Gesundheitspr\u00fcfung vor jeder \u00dcbungseinheit (Blutdruckkontrolle, Pulsmessung, allgemeines Wohlbefinden), st\u00e4ndige \u00e4rztliche Aufsicht ist gesichert<\/p>\n\n\n\n<p class=\"has-large-font-size\"><strong>Trainingszeiten<\/strong> der Reha Sportgruppen<\/p>\n\n\n\n<figure class=\"wp-block-table is-style-stripes\"><table><tbody><tr><td>Tag<\/td><td>von&nbsp;<\/td><td>bis<\/td><td><\/td><td>Wer<\/td><td>Wo<\/td><\/tr><tr><td>Montag&nbsp;<\/td><td>12:30<\/td><td>13:30<\/td><td><\/td><td>&nbsp;Koronar<\/td><td>Geriatrie <\/td><\/tr><tr><td>&nbsp;<\/td><td>&nbsp;13:30<\/td><td>&nbsp;14:30<\/td><td>&nbsp;<\/td><td>\u00a0Innere Medizin<\/td><td>Geriatrie<\/td><\/tr><tr><td><\/td><td><\/td><td><\/td><td><\/td><td><\/td><td><\/td><\/tr><tr><td>Mittwoch<\/td><td>16:20<\/td><td>17:20<\/td><td><\/td><td>Orthop\u00e4die<\/td><td>Geriatrie<\/td><\/tr><tr><td><\/td><td><\/td><td><\/td><td><\/td><td><\/td><td><\/td><\/tr><tr><td><\/td><td><\/td><td><\/td><td>&nbsp;<\/td><td>&nbsp;<\/td><td><\/td><\/tr><tr><td>Freitag<\/td><td>11:00<\/td><td>12:00<\/td><td><\/td><td>&nbsp;Orthop\u00e4die<\/td><td>Geriatrie<\/td><\/tr><tr><td>Freitag<\/td><td>12:00<\/td><td>13:00&nbsp;<\/td><td>&nbsp;<\/td><td>&nbsp;Orthop\u00e4die<\/td><td>Geriatrie&nbsp;<\/td><\/tr><tr><td>Freitag<\/td><td>11:00<\/td><td>12:00<\/td><td>&nbsp;<\/td><td>&nbsp;Innere Medizin<\/td><td>Rohrer Stirn<\/td><\/tr><tr><td>Freitag<\/td><td>12:30<\/td><td>13:30<\/td><td><\/td><td>&nbsp;Koronar<\/td><td>Rohrer Stirn<\/td><\/tr><\/tbody><\/table><\/figure>\n\n\n\n<p>Anfragen zu Kapazit\u00e4ten in den Gruppen und Anmeldungen bitte per Mail an <a href=\"mailto:info@svwasserfreunde.de\">info@svwasserfreunde.de<\/a> oder Tel. 03693 470253<\/p>\n","protected":false},"excerpt":{"rendered":"<p>Regelm\u00e4\u00dfig bieten wir f\u00fcr Erwachsene Aqua Fitness Kurse an Aqua Kurse \/ Pr\u00e4ventionskurse k\u00f6nnen Sie hier buchen! Einen Stammplatz in unserer Gliederung hat seit 1991 die Abteilung Behinderten- und Rehabilitationssport. Wir sind im Th\u00fcringer Behinderten- und Rehabilitations-Sportverband e.V. eingetragenes Mitglied. &hellip; <\/p>\n","protected":false},"author":3,"featured_media":0,"parent":0,"menu_order":40,"comment_status":"closed","ping_status":"closed","template":"","meta":{"footnotes":""},"class_list":["post-79","page","type-page","status-publish","hentry"],"_links":{"self":[{"href":"https:\/\/www.svwasserfreunde.de\/index.php?rest_route=\/wp\/v2\/pages\/79","targetHints":{"allow":["GET"]}}],"collection":[{"href":"https:\/\/www.svwasserfreunde.de\/index.php?rest_route=\/wp\/v2\/pages"}],"about":[{"href":"https:\/\/www.svwasserfreunde.de\/index.php?rest_route=\/wp\/v2\/types\/page"}],"author":[{"embeddable":true,"href":"https:\/\/www.svwasserfreunde.de\/index.php?rest_route=\/wp\/v2\/users\/3"}],"replies":[{"embeddable":true,"href":"https:\/\/www.svwasserfreunde.de\/index.php?rest_route=%2Fwp%2Fv2%2Fcomments&post=79"}],"version-history":[{"count":14,"href":"https:\/\/www.svwasserfreunde.de\/index.php?rest_route=\/wp\/v2\/pages\/79\/revisions"}],"predecessor-version":[{"id":1478,"href":"https:\/\/www.svwasserfreunde.de\/index.php?rest_route=\/wp\/v2\/pages\/79\/revisions\/1478"}],"wp:attachment":[{"href":"https:\/\/www.svwasserfreunde.de\/index.php?rest_route=%2Fwp%2Fv2%2Fmedia&parent=79"}],"curies":[{"name":"wp","href":"https:\/\/api.w.org\/{rel}","templated":true}]}}