{"id":964,"date":"2024-01-03T14:11:29","date_gmt":"2024-01-03T13:11:29","guid":{"rendered":"https:\/\/www.svwasserfreunde.de\/?page_id=964"},"modified":"2024-01-03T14:25:53","modified_gmt":"2024-01-03T13:25:53","slug":"klimaschutz","status":"publish","type":"page","link":"https:\/\/www.svwasserfreunde.de\/?page_id=964","title":{"rendered":"Klimaschutz"},"content":{"rendered":"\n<div class=\"wp-block-group\"><div class=\"wp-block-group__inner-container is-layout-constrained wp-block-group-is-layout-constrained\"><\/div><\/div>\n\n\n\n<div class=\"wp-block-media-text is-stacked-on-mobile\" style=\"grid-template-columns:25% auto\"><figure class=\"wp-block-media-text__media\"><img decoding=\"async\" src=\"https:\/\/www.svwasserfreunde.de\/wp-content\/uploads\/2024\/01\/klimataler.png\" alt=\"\" class=\"wp-image-972 size-full\"\/><\/figure><div class=\"wp-block-media-text__content\">\n<p class=\"has-text-align-left\"> <strong>Meiningen startet Klima-Taler-App<\/strong><\/p>\n\n\n\n<p><strong>Aktuell steht den B\u00fcrgerinnen und B\u00fcrgern in Meiningen eine Klima-Taler-App zur Verf\u00fcgung. Die Stadt ist die erste Th\u00fcringer Kommune mit Klima-Taler.<\/strong>  <a href=\"https:\/\/meiningen.de\/test\/35-bekanntmachungen-amtsblatt\/571-meiningen-startet-klima-taler-app\" target=\"_blank\" rel=\"noreferrer noopener\">&gt;&gt;&gt; Bekanntmachung der Stadt Meiningen &lt;&lt;&lt;<\/a><\/p>\n\n\n\n<p>Seit dem 01.01.2024 ist auch der Meininger Schwimmverein &#8222;Wasserfreunde&#8220; e.V. in der App vertreten. Hier kann jeder mit der App flei\u00dfig Klima-Taler sammeln, f\u00fcr die Stadt Meiningen, f\u00fcr seine Schule, aber auch und unbedingt f\u00fcr den Schwimmverein Wasserfreunde. Und das geht wie folgt&#8230;<\/p>\n<\/div><\/div>\n\n\n\n<p><\/p>\n\n\n\n<p><strong>Jetzt Klima-Taler App herunterladen<\/strong><\/p>\n\n\n\n<div class=\"wp-block-columns is-layout-flex wp-container-core-columns-is-layout-9d6595d7 wp-block-columns-is-layout-flex\">\n<div class=\"wp-block-column is-layout-flow wp-block-column-is-layout-flow\" style=\"flex-basis:100%\">\n<figure class=\"wp-block-image size-full is-style-rounded\"><a href=\"https:\/\/apps.apple.com\/us\/app\/klima-taler\/id6444569111\" target=\"_blank\" rel=\"noreferrer noopener\"><img loading=\"lazy\" decoding=\"async\" width=\"183\" height=\"65\" src=\"https:\/\/www.svwasserfreunde.de\/wp-content\/uploads\/2024\/01\/AppStore.png\" alt=\"\" class=\"wp-image-969\"\/><\/a><\/figure>\n\n\n\n<figure class=\"wp-block-image size-full is-resized is-style-rounded\"><a href=\"https:\/\/play.google.com\/store\/apps\/details?id=com.blacksquared.sdkapp.klimataler&amp;pli=1\" target=\"_blank\" rel=\"noreferrer noopener\"><img loading=\"lazy\" decoding=\"async\" width=\"210\" height=\"65\" src=\"https:\/\/www.svwasserfreunde.de\/wp-content\/uploads\/2024\/01\/PlayStore.png\" alt=\"\" class=\"wp-image-967\" style=\"width:180px\"\/><\/a><\/figure>\n\n\n\n<p><\/p>\n<\/div>\n<\/div>\n\n\n\n<div class=\"wp-block-media-text is-stacked-on-mobile\" style=\"grid-template-columns:25% auto\"><figure class=\"wp-block-media-text__media\"><img loading=\"lazy\" decoding=\"async\" width=\"510\" height=\"1024\" src=\"http:\/\/www.svwasserfreunde.de\/wp-content\/uploads\/2024\/01\/IMG_6225-510x1024.jpeg\" alt=\"\" class=\"wp-image-978 size-full\"\/><\/figure><div class=\"wp-block-media-text__content\">\n<p>Nachdem ihr euch registriert habt, w\u00e4hlt unter St\u00e4dte &#8222;&#8220;Stadt Meiningen&#8220; aus, oder auch eine andere Stadt, wenn ihr wollt. <\/p>\n<\/div><\/div>\n\n\n\n<div class=\"wp-block-media-text is-stacked-on-mobile\" style=\"grid-template-columns:25% auto\"><figure class=\"wp-block-media-text__media\"><img loading=\"lazy\" decoding=\"async\" width=\"494\" height=\"1024\" src=\"http:\/\/www.svwasserfreunde.de\/wp-content\/uploads\/2024\/01\/IMG_6227-494x1024.jpeg\" alt=\"\" class=\"wp-image-977 size-full\"\/><\/figure><div class=\"wp-block-media-text__content\">\n<p>Unter Freie Teams w\u00e4hlt bitte &#8222;Schwimmverein Wasserfreunde&#8220; aus. wenn ihr m\u00f6chtet, k\u00f6nnt ihr aber auch noch f\u00fcr eine Schule Klima-Taler sammeln.<\/p>\n<\/div><\/div>\n\n\n\n<p>Hol dir jetzt wertvolle Klima-Taler. Wenn du zu Fu\u00df gehst, Rad f\u00e4hrst und die \u00f6ffentlichen Verkehrsmittel nutzt, erzeugst du mit der Klima-App deiner Stadt je 5 kg CO2-Einsparung einen Klima-Taler. Deine Klima-Taler kannst du in allen teilnehmenden St\u00e4dten in Verg\u00fcnstigungen oder freien Eintritt eintauschen.<\/p>\n\n\n\n<p><a href=\"https:\/\/klima-taler.com\/de\/home-de\/\" target=\"_blank\" rel=\"noreferrer noopener\">>>> weitere Informationen findet Ihr hier &lt;&lt;&lt;<\/a><\/p>\n","protected":false},"excerpt":{"rendered":"<p>Meiningen startet Klima-Taler-App Aktuell steht den B\u00fcrgerinnen und B\u00fcrgern in Meiningen eine Klima-Taler-App zur Verf\u00fcgung. Die Stadt ist die erste Th\u00fcringer Kommune mit Klima-Taler. &gt;&gt;&gt; Bekanntmachung der Stadt Meiningen &lt;&lt;&lt; Seit dem 01.01.2024 ist auch der Meininger Schwimmverein &#8222;Wasserfreunde&#8220; e.V. &hellip; <\/p>\n","protected":false},"author":1,"featured_media":0,"parent":0,"menu_order":78,"comment_status":"closed","ping_status":"closed","template":"","meta":{"footnotes":""},"class_list":["post-964","page","type-page","status-publish","hentry"],"_links":{"self":[{"href":"https:\/\/www.svwasserfreunde.de\/index.php?rest_route=\/wp\/v2\/pages\/964","targetHints":{"allow":["GET"]}}],"collection":[{"href":"https:\/\/www.svwasserfreunde.de\/index.php?rest_route=\/wp\/v2\/pages"}],"about":[{"href":"https:\/\/www.svwasserfreunde.de\/index.php?rest_route=\/wp\/v2\/types\/page"}],"author":[{"embeddable":true,"href":"https:\/\/www.svwasserfreunde.de\/index.php?rest_route=\/wp\/v2\/users\/1"}],"replies":[{"embeddable":true,"href":"https:\/\/www.svwasserfreunde.de\/index.php?rest_route=%2Fwp%2Fv2%2Fcomments&post=964"}],"version-history":[{"count":13,"href":"https:\/\/www.svwasserfreunde.de\/index.php?rest_route=\/wp\/v2\/pages\/964\/revisions"}],"predecessor-version":[{"id":982,"href":"https:\/\/www.svwasserfreunde.de\/index.php?rest_route=\/wp\/v2\/pages\/964\/revisions\/982"}],"wp:attachment":[{"href":"https:\/\/www.svwasserfreunde.de\/index.php?rest_route=%2Fwp%2Fv2%2Fmedia&parent=964"}],"curies":[{"name":"wp","href":"https:\/\/api.w.org\/{rel}","templated":true}]}}